{"id":16,"date":"2025-11-17T06:27:00","date_gmt":"2025-11-17T14:27:00","guid":{"rendered":"https:\/\/tierragenerosa.com.mx\/web\/?page_id=16"},"modified":"2025-11-22T16:44:04","modified_gmt":"2025-11-23T00:44:04","slug":"landing","status":"publish","type":"page","link":"https:\/\/tierragenerosa.com.mx\/web\/","title":{"rendered":"Landing"},"content":{"rendered":"\n<h1 class=\"wp-block-heading has-text-align-center\">Bienvenido a<br>Tierra Generosa. <\/h1>\n\n\n\n<p class=\"has-text-align-center is-style-success has-medium-font-size\">Olv\u00eddate de filas y cargas pesadas.<br>Te llevamos todo lo que necesitas (abarrotes, frutas, verduras, limpieza y m\u00e1s) fresco y r\u00e1pido directamente hasta tu hogar o negocio, en el <strong>Valle de Mexicali, Baja California, M\u00e9xico:<\/strong><\/p>\n\n\n\n<ul class=\"wp-block-list is-style-checkbox\">\n<li><strong>Colonia La Mariana<\/strong>.<\/li>\n\n\n\n<li><strong>Colonia La Puerta<\/strong>.<\/li>\n\n\n\n<li><strong>Ejido Cucapah Ind\u00edgena<\/strong>.<\/li>\n\n\n\n<li><strong>Ejido Cucapah Mestizo.<\/strong><\/li>\n\n\n\n<li><strong>Ejido Licenciado Adolfo L\u00f3pez Mateos<\/strong>.<\/li>\n\n\n\n<li><strong>Fraccionamiento Renacimiento del Valle<\/strong>.<\/li>\n\n\n\n<li><strong>Poblado El Faro<\/strong>.<\/li>\n<\/ul>\n\n\n\n<p><\/p>\n\n\n\n<div class=\"wp-block-buttons has-custom-font-size has-large-font-size is-vertical is-content-justification-center is-layout-flex wp-container-core-buttons-is-layout-4649e89c wp-block-buttons-is-layout-flex\">\n<div class=\"wp-block-button is-style-circular w-100\"><a class=\"wp-block-button__link has-large-font-size has-custom-font-size wp-element-button\" href=\"https:\/\/tierragenerosa.com.mx\/store\/\" style=\"border-radius:8px\" target=\"_blank\" rel=\"noopener noreferrer noopener\">ORDENA EN LINEA.<\/a><\/div>\n<\/div>\n\n\n\n<div class=\"wp-block-columns alignwide is-layout-flex wp-container-core-columns-is-layout-9d6595d7 wp-block-columns-is-layout-flex\">\n<div class=\"wp-block-column is-layout-flow wp-block-column-is-layout-flow\">\n<p class=\"has-text-align-center is-style-success has-large-font-size\"><strong>Ahorra dinero.<\/strong><\/p>\n<\/div>\n\n\n\n<div class=\"wp-block-column is-layout-flow wp-block-column-is-layout-flow\">\n<p class=\"has-text-align-center is-style-success has-large-font-size\"><strong>Ahorra tiempo.<\/strong><\/p>\n<\/div>\n<\/div>\n\n\n\n<ul class=\"wp-block-list is-style-checkbox\">\n<li>Abarrotes: arroz, frijol, pasta, latas, aceite&#8230;<\/li>\n\n\n\n<li>Bebidas: refrescos, jugos, agua, soda&#8230;<\/li>\n\n\n\n<li>Carnicer\u00eda: cortes de carne de res, cerdo, pollo&#8230;<\/li>\n\n\n\n<li>Fruter\u00eda: productos frescos de temporada, nacionales e importados&#8230;<\/li>\n\n\n\n<li>L\u00e1cteos: leche, yogur, mantequilla, crema, queso&#8230;<\/li>\n\n\n\n<li>Limpieza: detergente, jabones, desinfectantes&#8230;.<\/li>\n\n\n\n<li>Panader\u00eda: pan, pasteles, reposter\u00eda&#8230;<\/li>\n\n\n\n<li>Perfumer\u00eda: shampoo, jab\u00f3n, dent\u00edfrico, desodorante, papel higi\u00e9nico&#8230;<\/li>\n<\/ul>\n\n\n\n<p><\/p>\n\n\n\n<div class=\"wp-block-buttons has-custom-font-size has-large-font-size is-vertical is-content-justification-center is-layout-flex wp-container-core-buttons-is-layout-4649e89c wp-block-buttons-is-layout-flex\">\n<div class=\"wp-block-button is-style-circular w-100\"><a class=\"wp-block-button__link has-large-font-size has-custom-font-size wp-element-button\" href=\"https:\/\/tierragenerosa.com.mx\/store\/\" style=\"border-radius:8px\" target=\"_blank\" rel=\"noopener noreferrer noopener\">ORDENA EN LINEA.<\/a><\/div>\n<\/div>\n\n\n\n<p><\/p>\n\n\n\n<h2 class=\"wp-block-heading has-text-align-center\">Contacto:<\/h2>\n\n\n\n<p class=\"has-text-align-center\"><strong>Env\u00edanos un  mensaje o pregunta.<br>\u00a1Te responderemos pronto!<\/strong><\/p>\n\n\n\n<p class=\"has-text-align-center\">Poblado El Faro, Carretera Federal #5, kil\u00f3metro 37,<br>Mexicali, Baja California, M\u00e9xico,<br>C\u00f3digo Postal 21730.<br>Tel\u00e9fono: +52-686-590-9798.<br>info@tierragenerosa.com.mx<\/p>\n\n\n\n<p><\/p>\n\n\n\n<div style=\"min-height:400px\" data-map-attr=\"\/qaddress\/q:\/q32.289159, -115.323273\/q||\/qlat\/q:\/qundefined\/q||\/qlng\/q:\/qundefined\/q||\/qskin\/q:\/qstandard\/q||\/qzoom\/q:\/q12\/q||\/qiconSize\/q:\/q36\/q||\/qmapTypeControl\/q:\/qtrue\/q||\/qzoomControl\/q:\/qtrue\/q||\/qstreetViewControl\/q:\/qtrue\/q||\/qfullscreenControl\/q:\/qtrue\/q\" class=\"wp-block-coblocks-map\"><iframe title=\"Google Map\" frameborder=\"0\" style=\"width:100%;min-height:400px\" src=\"https:\/\/www.google.com\/maps?q=32.289159%2C%20-115.323273&amp;output=embed&amp;hl=es&amp;z=12\"><\/iframe><\/div>\n\n\n\n<p class=\"has-text-align-center\"><\/p>\n","protected":false},"excerpt":{"rendered":"<p>Bienvenido aTierra Generosa. Olv\u00eddate de filas y cargas pesadas.Te llevamos todo lo que necesitas (abarrotes, frutas, verduras, limpieza y m\u00e1s) fresco y r\u00e1pido directamente hasta tu hogar o negocio, en el Valle de Mexicali, Baja California, M\u00e9xico: Ahorra dinero. Ahorra tiempo. Contacto: Env\u00edanos un mensaje o pregunta.\u00a1Te responderemos pronto! Poblado El Faro, Carretera Federal #5, [&hellip;]<\/p>\n","protected":false},"author":1,"featured_media":0,"parent":0,"menu_order":0,"comment_status":"closed","ping_status":"closed","template":"","meta":{"_coblocks_attr":"","_coblocks_dimensions":"","_coblocks_responsive_height":"","_coblocks_accordion_ie_support":"","hide_page_title":"disabled","footnotes":""},"class_list":["post-16","page","type-page","status-publish","hentry"],"jetpack_sharing_enabled":true,"jetpack-related-posts":[],"_links":{"self":[{"href":"https:\/\/tierragenerosa.com.mx\/web\/wp-json\/wp\/v2\/pages\/16","targetHints":{"allow":["GET"]}}],"collection":[{"href":"https:\/\/tierragenerosa.com.mx\/web\/wp-json\/wp\/v2\/pages"}],"about":[{"href":"https:\/\/tierragenerosa.com.mx\/web\/wp-json\/wp\/v2\/types\/page"}],"author":[{"embeddable":true,"href":"https:\/\/tierragenerosa.com.mx\/web\/wp-json\/wp\/v2\/users\/1"}],"replies":[{"embeddable":true,"href":"https:\/\/tierragenerosa.com.mx\/web\/wp-json\/wp\/v2\/comments?post=16"}],"version-history":[{"count":26,"href":"https:\/\/tierragenerosa.com.mx\/web\/wp-json\/wp\/v2\/pages\/16\/revisions"}],"predecessor-version":[{"id":57,"href":"https:\/\/tierragenerosa.com.mx\/web\/wp-json\/wp\/v2\/pages\/16\/revisions\/57"}],"wp:attachment":[{"href":"https:\/\/tierragenerosa.com.mx\/web\/wp-json\/wp\/v2\/media?parent=16"}],"curies":[{"name":"wp","href":"https:\/\/api.w.org\/{rel}","templated":true}]}}