{"id":58,"date":"1980-12-20T06:27:00","date_gmt":"1980-12-20T14:27:00","guid":{"rendered":"https:\/\/tierragenerosa.com.mx\/web\/?page_id=58"},"modified":"2025-11-22T16:45:27","modified_gmt":"2025-11-23T00:45:27","slug":"contacto","status":"publish","type":"page","link":"https:\/\/tierragenerosa.com.mx\/web\/contacto\/","title":{"rendered":"Contacto"},"content":{"rendered":"","protected":false},"excerpt":{"rendered":"","protected":false},"author":1,"featured_media":0,"parent":0,"menu_order":0,"comment_status":"closed","ping_status":"closed","template":"","meta":{"_coblocks_attr":"","_coblocks_dimensions":"","_coblocks_responsive_height":"","_coblocks_accordion_ie_support":"","hide_page_title":"","footnotes":""},"class_list":["post-58","page","type-page","status-publish","hentry"],"jetpack_sharing_enabled":true,"jetpack-related-posts":[{"id":16,"url":"https:\/\/tierragenerosa.com.mx\/web\/","url_meta":{"origin":58,"position":0},"title":"Landing","author":"4444awpw","date":"2025-11-17","format":false,"excerpt":"Bienvenido aTierra Generosa. Olv\u00eddate de filas y cargas pesadas.Te llevamos todo lo que necesitas (abarrotes, frutas, verduras, limpieza y m\u00e1s) fresco y r\u00e1pido directamente hasta tu hogar o negocio, en el Valle de Mexicali, Baja California, M\u00e9xico: Colonia La Mariana. Colonia La Puerta. Ejido Cucapah Ind\u00edgena. Ejido Cucapah Mestizo. Ejido\u2026","rel":"","context":"Entrada similar","block_context":{"text":"Entrada similar","link":""},"img":{"alt_text":"","src":"","width":0,"height":0},"classes":[]}],"_links":{"self":[{"href":"https:\/\/tierragenerosa.com.mx\/web\/wp-json\/wp\/v2\/pages\/58","targetHints":{"allow":["GET"]}}],"collection":[{"href":"https:\/\/tierragenerosa.com.mx\/web\/wp-json\/wp\/v2\/pages"}],"about":[{"href":"https:\/\/tierragenerosa.com.mx\/web\/wp-json\/wp\/v2\/types\/page"}],"author":[{"embeddable":true,"href":"https:\/\/tierragenerosa.com.mx\/web\/wp-json\/wp\/v2\/users\/1"}],"replies":[{"embeddable":true,"href":"https:\/\/tierragenerosa.com.mx\/web\/wp-json\/wp\/v2\/comments?post=58"}],"version-history":[{"count":1,"href":"https:\/\/tierragenerosa.com.mx\/web\/wp-json\/wp\/v2\/pages\/58\/revisions"}],"predecessor-version":[{"id":59,"href":"https:\/\/tierragenerosa.com.mx\/web\/wp-json\/wp\/v2\/pages\/58\/revisions\/59"}],"wp:attachment":[{"href":"https:\/\/tierragenerosa.com.mx\/web\/wp-json\/wp\/v2\/media?parent=58"}],"curies":[{"name":"wp","href":"https:\/\/api.w.org\/{rel}","templated":true}]}}